{"id":189,"date":"2016-04-18T14:09:34","date_gmt":"2016-04-18T12:09:34","guid":{"rendered":"http:\/\/newpage.waldruhe.at\/?page_id=189"},"modified":"2020-02-07T06:49:22","modified_gmt":"2020-02-07T05:49:22","slug":"preise","status":"publish","type":"page","link":"https:\/\/www.waldruhe.at\/sitex\/it\/preise\/","title":{"rendered":"Preise"},"content":{"rendered":"<div id=\"pl-189\"  class=\"panel-layout\" ><div id=\"pg-189-0\"  class=\"panel-grid panel-has-style\" ><div class=\"siteorigin-panels-stretch panel-row-style panel-row-style-for-189-0\" data-stretch-type=\"full\" ><div id=\"pgc-189-0-0\"  class=\"panel-grid-cell\" ><div id=\"panel-189-0-0-0\" class=\"so-panel widget widget_black-studio-tinymce widget_black_studio_tinymce panel-first-child panel-last-child\" data-index=\"0\" ><div class=\"textwidget\"><p style=\"text-align: center;\"><span class=\"about-headline\">Goditi la vita. <\/span><\/p>\n<\/div><\/div><\/div><\/div><\/div><div id=\"pg-189-1\"  class=\"panel-grid panel-has-style\" ><div class=\"panel-row-style panel-row-style-for-189-1\" ><div id=\"pgc-189-1-0\"  class=\"panel-grid-cell\" ><div id=\"panel-189-1-0-0\" class=\"so-panel widget widget_black-studio-tinymce widget_black_studio_tinymce panel-first-child panel-last-child\" data-index=\"1\" ><div class=\"textwidget\"><p style=\"text-align: center;\"><span class=\"our-text\">MIGLIOR PREZZO GARANTITO.<br \/>\n<\/span><\/p>\n<\/div><\/div><\/div><\/div><\/div><div id=\"pg-189-2\"  class=\"panel-grid panel-has-style\" ><div class=\"siteorigin-panels-stretch panel-row-style panel-row-style-for-189-2\" data-stretch-type=\"full\" ><div id=\"pgc-189-2-0\"  class=\"panel-grid-cell\" ><div id=\"panel-189-2-0-0\" class=\"so-panel widget widget_black-studio-tinymce widget_black_studio_tinymce panel-first-child panel-last-child\" data-index=\"2\" ><div class=\"textwidget\"><p style=\"text-align: right;\"><span class=\"\" style=\"display:block;clear:both;height: 0px;padding-top: 500px;border-top-width:0px;border-bottom-width:0px;\"><\/span><\/p>\n<\/div><\/div><\/div><\/div><\/div><div id=\"pg-189-3\"  class=\"panel-grid panel-has-style\" ><div class=\"panel-row-style panel-row-style-for-189-3\" ><div id=\"pgc-189-3-0\"  class=\"panel-grid-cell\" ><div id=\"panel-189-3-0-0\" class=\"so-panel widget widget_black-studio-tinymce widget_black_studio_tinymce panel-first-child panel-last-child\" data-index=\"3\" ><div class=\"textwidget\"><p style=\"text-align: left;\"><span class=\"our-text\">SERVICI INCLUSI: <\/span><\/p>\n<ol>\n<li>Prima collazione<\/li>\n<li>dolce al pomeriggio<\/li>\n<li>4-5 corsi cena a scelta<\/li>\n<li>Galamenu (domenica)<\/li>\n<li>BBQ (mercoledi in estate)<\/li>\n<li>Area relax<\/li>\n<li>SPA-Bag con accappatoio<\/li>\n<li>free WIFI<\/li>\n<li>Bikegarage<\/li>\n<li>infos per vacanze<\/li>\n<\/ol>\n<p style=\"text-align: left;\"><span class=\"our-text\">A PAGAMENTO:<br \/>\n<\/span><\/p>\n<ol>\n<li>Massaggio Classico<\/li>\n<li>Giro guidato<\/li>\n<li>Tennis<\/li>\n<li>Fitnesscenter (10 minuti in macchina)<\/li>\n<\/ol>\n<\/div><\/div><\/div><\/div><\/div><div id=\"pg-189-4\"  class=\"panel-grid panel-has-style\" ><div class=\"siteorigin-panels-stretch panel-row-style panel-row-style-for-189-4\" data-stretch-type=\"full\" ><div id=\"pgc-189-4-0\"  class=\"panel-grid-cell\" ><div id=\"panel-189-4-0-0\" class=\"so-panel widget widget_black-studio-tinymce widget_black_studio_tinymce panel-first-child panel-last-child\" data-index=\"4\" ><div class=\"textwidget\"><p style=\"text-align: right;\"><span class=\"\" style=\"display:block;clear:both;height: 0px;padding-top: 500px;border-top-width:0px;border-bottom-width:0px;\"><\/span><\/p>\n<\/div><\/div><\/div><\/div><\/div><div id=\"pg-189-5\"  class=\"panel-grid panel-no-style\" ><div id=\"pgc-189-5-0\"  class=\"panel-grid-cell\" ><div id=\"panel-189-5-0-0\" class=\"so-panel widget widget_black-studio-tinymce widget_black_studio_tinymce panel-first-child panel-last-child\" data-index=\"5\" ><div class=\"textwidget\"><p><span class=\"services-headline\">Mountain. Lifestyle.<\/span><br \/>\n31.01. - 01.03.2020<\/p>\n<p>Overnight incl. breakfast from \u20ac 75,00<br \/>\nHalfboard from \u20ac 90,00<br \/>\n<strong>Week flat from \u20ac 616,00 per adult<\/strong><\/p>\n<p>&nbsp;<\/p>\n<p>Kids price on request.<\/p>\n<p>&nbsp;<\/p>\n<p><span class=\"services-headline\">Simply. Holiday.<\/span><br \/>\n02.03. - 01.04.2020<\/p>\n<p>Overnight incl. breakfast from \u20ac 65,00<br \/>\nHalfboard from \u20ac 85,00<br \/>\n<strong>Week flat from \u20ac 560,00 per adult<\/strong><\/p>\n<p>&nbsp;<\/p>\n<p>Kids price on request.<\/p>\n<p>&nbsp;<\/p>\n<p><span class=\"services-headline\">Company. Holidays.<\/span><br \/>\n02.04. - 17.05.2020<\/p>\n<p>&nbsp;<\/p>\n<p><span class=\"services-headline\">Simply. Holiday.<\/span><br \/>\n18.05. - 05.07.2020<\/p>\n<p>Overnight incl. breakfast from \u20ac 70,00<br \/>\nHalfboard from \u20ac 83,00<br \/>\n<strong>Week flat from \u20ac 560,00 per adult<\/strong><\/p>\n<p>&nbsp;<\/p>\n<p>Kids price on request.<\/p>\n<p>&nbsp;<\/p>\n<p>06.07. - 30.07.2020<\/p>\n<p>Overnight incl. breakfast from \u20ac 75,00<br \/>\nHalfboard from \u20ac 86,00<br \/>\n<strong>Week flat from \u20ac 580,00 per adult<\/strong><\/p>\n<p>&nbsp;<\/p>\n<p>Kids price on request.<\/p>\n<p>&nbsp;<\/p>\n<p>31.07. - 30.08.2020<\/p>\n<p>Overnight incl. breakfast from \u20ac 80,00<br \/>\nHalfboard from \u20ac 94,00<br \/>\n<strong>Week flat from \u20ac 645,00 per adult<\/strong><\/p>\n<p>&nbsp;<\/p>\n<p>Kids price on request.<\/p>\n<p>&nbsp;<\/p>\n<p>31.08. - 04.10.2020<\/p>\n<p>Overnight incl. breakfast from \u20ac 70,00<br \/>\nHalfboard from \u20ac 83,00<br \/>\n<strong>Week flat from \u20ac 560,00 per adult<\/strong><\/p>\n<p>&nbsp;<\/p>\n<p>Kids price on request.<\/p>\n<p>&nbsp;<\/p>\n<p><span class=\"services-headline\">Company. Holidays.<\/span><br \/>\n05.10. - 28.11.2020<\/p>\n<p>&nbsp;<\/p>\n<p>Please note that these are from \"prices\".<br \/>\nAll prices are exclusive of local tax of EUR 2.00 per day.<\/p>\n<p>&nbsp;<\/p>\n<\/div><\/div><\/div><\/div><div id=\"pg-189-6\"  class=\"panel-grid panel-has-style\" ><div class=\"siteorigin-panels-stretch panel-row-style panel-row-style-for-189-6\" data-stretch-type=\"full\" ><div id=\"pgc-189-6-0\"  class=\"panel-grid-cell\" ><div id=\"panel-189-6-0-0\" class=\"so-panel widget widget_black-studio-tinymce widget_black_studio_tinymce panel-first-child panel-last-child\" data-index=\"6\" ><div class=\"textwidget\"><p style=\"text-align: center;\"><span class=\"headline-resize home-headline\">SPECIALS. <\/span><\/p>\n<p><span class=\"home-sub\"><\/span><\/p>\n<p style=\"text-align: center;\">\n<\/div><\/div><\/div><\/div><\/div><div id=\"pg-189-7\"  class=\"panel-grid panel-no-style\" ><div id=\"pgc-189-7-0\"  class=\"panel-grid-cell\" ><div id=\"panel-189-7-0-0\" class=\"so-panel widget widget_black-studio-tinymce widget_black_studio_tinymce panel-first-child panel-last-child\" data-index=\"7\" ><div class=\"textwidget\"><p><span class=\"services-headline\">Nordic. Chillaxen.<\/span><br \/>\n13.03. \u2013 15.03.2020<\/p>\n<p><a href=\"https:\/\/www.osttirol.com\/regionen\/hochpustertal\/anfrage.html?tx_iccanfrage_anfrage%5BangebotId%5D=48108&cHash=21db12e02710dffd86500e87a4d3ad21\" rel=\"noopener\" target=\"_blank\">Jetzt. Anfragen.<\/a><\/p>\n<p><strong>Ab \u20ac 225,00 per person in double room<br \/>Ab \u20ac 270,00 per person in single room\/strong><\/p>\n<p>&nbsp;<br \/>\n&nbsp;<\/p>\n<p><span class=\"services-headline\">Tuats. Eich. Wos. Guats.<\/span><br \/>\n14.06. \u2013 21.06.2020<\/p>\n<p><a href=\"https:\/\/www.fastenistmehr.at\" rel=\"noopener\" target=\"_blank\">www.fastenistmehr.at<\/a><\/p>\n<p>Detox with the certified fasting guide Christine Gaetz-Kettner.<br \/>\nOvernight in the nature room.<br \/>\nSleep in the pine bed.<br \/>\nDrinks and nutrition.<br \/>\nDaily care by Christine Gaetz-Kettner.<br \/>\nDaily walks.<br \/>\nQiGong.<br \/>\nRelaxation exercises. Tips and Tricks.<br \/>\n<strong>From \u20ac 720,00 per person (7 nights)<\/strong><\/p>\n<p>&nbsp;<br \/>\n&nbsp;<\/p>\n<p><span class=\"services-headline\">Tuats. Eich. Wos. Guats.<\/span><br \/>\n13.09. \u2013 20.09.2020<\/p>\n<p><a href=\"https:\/\/www.fastenistmehr.at\" rel=\"noopener\" target=\"_blank\">www.fastenistmehr.at<\/a><\/p>\n<p>Detox with the certified fasting guide Christine Gaetz-Kettner.<br \/>\nOvernight in the nature room.<br \/>\nSleep in the pine bed.<br \/>\nDrinks and nutrition.<br \/>\nDaily care by Christine Gaetz-Kettner.<br \/>\nDaily walks.<br \/>\nQiGong.<br \/>\nRelaxation exercises. Tips and Tricks.<br \/>\n<strong>From \u20ac 720,00 per person (7 nights)<\/strong><\/p>\n<p>&nbsp;<br \/>\n&nbsp;<\/p>\n<p>Si prega di notare che questi sono \"da\" prezzi.<\/p>\n<p>&nbsp;<\/p>\n<\/div><\/div><\/div><\/div><div id=\"pg-189-8\"  class=\"panel-grid panel-has-style\" ><div class=\"siteorigin-panels-stretch panel-row-style panel-row-style-for-189-8\" data-stretch-type=\"full\" ><div id=\"pgc-189-8-0\"  class=\"panel-grid-cell\" ><div id=\"panel-189-8-0-0\" class=\"so-panel widget widget_black-studio-tinymce widget_black_studio_tinymce panel-first-child panel-last-child\" data-index=\"8\" ><div class=\"textwidget\"><p style=\"text-align: center;\"><span class=\"headline-resize home-headline\">SPECIALIZED. BIKE. NOLEGGIO.<\/span><\/p>\n<p><span class=\"home-sub\"><\/span><\/p>\n<p style=\"text-align: center;\">\n<\/div><\/div><\/div><\/div><\/div><div id=\"pg-189-9\"  class=\"panel-grid panel-no-style\" ><div id=\"pgc-189-9-0\"  class=\"panel-grid-cell\" ><div id=\"panel-189-9-0-0\" class=\"so-panel widget widget_black-studio-tinymce widget_black_studio_tinymce panel-first-child panel-last-child\" data-index=\"9\" ><div class=\"textwidget\"><p>Book your favorite bike directly with. As a partner of Dolomite Bike Lienz we have the latest E-MTB and hardtail MTB models from SPECIALIZED Bikes directly at the hotel.<\/p>\n<p>&nbsp;<\/p>\n<p><strong>Daily Rates:<\/strong><\/p>\n<ol>\n<li>E-MTB: \u20ac 25,00<\/li>\n<li>Hardtail Bike: \u20ac 20,00<\/li>\n<\/ol>\n<p><strong>2-Day Prices:<\/strong><\/p>\n<ol>\n<li>E-MTB: \u20ac 40,00<\/li>\n<li>Hardtail Bike: \u20ac 30,00<\/li>\n<\/ol>\n<p><strong>7-Day Prices:<\/strong><\/p>\n<ol>\n<li>E-MTB: \u20ac 120,00<\/li>\n<li>Hardtail Bike: \u20ac 95,00<\/li>\n<\/ol>\n<p>&nbsp;<\/p>\n<\/div><\/div><\/div><\/div><div id=\"pg-189-10\"  class=\"panel-grid panel-no-style\" ><div id=\"pgc-189-10-0\"  class=\"panel-grid-cell\" ><div id=\"panel-189-10-0-0\" class=\"so-panel widget widget_black-studio-tinymce widget_black_studio_tinymce panel-first-child panel-last-child\" data-index=\"10\" ><div class=\"textwidget\"><p style=\"text-align: center;\"><span class=\"our-text\">Informazioni di Prenotazione<\/span><\/p>\n<p style=\"text-align: justify;\">Si applicano le condizioni di contratto e di cancellazione dei regolamenti alberghieri austriaci. Questi possono essere scaricati <a href=\"https:\/\/www.hotelverband.at\/down\/AGBH_061115.pdf\" target=\"_blank\" rel=\"noopener\">qui.<\/a><\/p>\n<p style=\"text-align: justify;\"><strong>Deposito - conferma della prenotazione<\/strong><br \/>\nLa prenotazione viene effettuata tramite conferma scritta via email. Deposito per camera: 25% del prezzo del viaggio.<\/p>\n<p style=\"text-align: justify;\"><strong>Il nostro conto bancario:<\/strong><br \/>\nRaiffeisen Landes Bank Tyrol<\/p>\n<p class=\"float-left\">BIC: <span id=\"umsaetzeFilterBic\">RZTIAT22<\/span><br \/>\nIBAN: <span id=\"umsaetzeFilterIban\">AT42 3600 0000 0927 6486<\/span><\/p>\n<p style=\"text-align: justify;\"><strong>Politica di cancellazione<\/strong><br \/>\nfino a 3 mesi prima dell'arrivo - cancellazione gratuita<br \/>\nDa 3 mesi a 1 mese prima dell'arrivo - penale del 40% dal prezzo del viaggio<br \/>\n1 mese a 1 settimana prima dell'arrivo - penale del 70% dal prezzo del viaggio<br \/>\nNell'ultima settimana: il 90% del prezzo del viaggio.<\/p>\n<p style=\"text-align: justify;\"><strong>L'assicurazione di viaggio<\/strong><br \/>\nRaccomandiamo la stipula di un'assicurazione per l'annullamento del viaggio. Questi possono essere completati direttamente online <a href=\"https:\/\/hotel.europaeische.at\/index.php?key=plus&amp;AGN=10011139\" target=\"_blank\" rel=\"noopener\">qui. <\/a><\/p>\n<p>&nbsp;<\/p>\n<p><strong>Supplemento camera singola<\/strong><br \/>\nSiete invitati a prenotare una bella camera doppia per l'uso del Vicolo. Supplemento stagionale a seconda della richiesta.<\/p>\n<p><strong>Breve soggiorno<\/strong><br \/>\nA seconda della stagione, un soggiorno breve di massimo 2 giorni potrebbe comportare un supplemento di 5 EUR a persona per notte. Siamo felici di creare la tua offerta individuale.<\/p>\n<p>&nbsp;<\/p>\n<p style=\"text-align: justify;\"><strong>Modalit\u00e0 di pagamento<\/strong><br \/>\nIl conto dell'hotel con i servizi aggiuntivi pu\u00f2 essere pagato in contanti, bancomat (Maestro), VISA o Mastercard. Al pi\u00f9 tardi alla partenza.<\/p>\n<p style=\"text-align: justify;\"><strong>Arrivo \/ Partenza<\/strong><br \/>\nLe camere sono disponibili dalle 14:00. Rilascio della camera richiesto entro le 10:30. Le camere saranno pronte per te entro le 18:00, se dovessi arrivare pi\u00f9 tardi, si prega di chiamare in anticipo. Se la stanza rimane pi\u00f9 a lungo occupata il giorno della partenza dopo la consultazione con la reception, verr\u00e0 addebitato un importo forfettario di Euro 30, - \/ persona.<\/p>\n<p style=\"text-align: justify;\"><strong>Animali<\/strong><br \/>\nSei il benvenuto con il tuo amico a quattro zampe. Questo \u00e8 un caloroso benvenuto per noi. Ti chiediamo di capire che non \u00e8 consentito il trascinamento nella sala da pranzo durante i pasti. Tassa una tantum per la pulizia finale. Costo su richiesta.<\/p>\n<h3 style=\"text-align: justify;\"><\/h3>\n<p>&nbsp;<\/p>\n<\/div><\/div><\/div><\/div><div id=\"pg-189-11\"  class=\"panel-grid panel-has-style\" ><div class=\"siteorigin-panels-stretch panel-row-style panel-row-style-for-189-11\" data-stretch-type=\"full\" ><div id=\"pgc-189-11-0\"  class=\"panel-grid-cell\" ><div id=\"panel-189-11-0-0\" class=\"so-panel widget widget_black-studio-tinymce widget_black_studio_tinymce panel-first-child panel-last-child\" data-index=\"11\" ><div class=\"textwidget\"><p><span class=\"services-headline\">Informarsi ora<\/span><br \/>\nContattaci Siamo lieti di mettere insieme un'offerta individuale e non vincolante.<br \/>\n<span class=\"\" style=\"display:block;clear:both;height: 0px;padding-top: 20px;border-top-width:0px;border-bottom-width:0px;\"><\/span><\/p>\n<\/div><\/div><\/div><div id=\"pgc-189-11-1\"  class=\"panel-grid-cell\" ><div id=\"panel-189-11-1-0\" class=\"so-panel widget widget_black-studio-tinymce widget_black_studio_tinymce panel-first-child panel-last-child\" data-index=\"12\" ><div class=\"textwidget\"><p style=\"text-align: right;\"><span class=\"\" style=\"display:block;clear:both;height: 0px;padding-top: 90px;border-top-width:0px;border-bottom-width:0px;\"><\/span><\/p>\n<p style=\"text-align: right;\"><a class=\"button green\" href=\"http:\/\/www.waldruhe.at\/sitex\/kontakt\/\">Informarsi ora<\/a><\/p>\n<\/div><\/div><\/div><\/div><\/div><\/div>","protected":false},"excerpt":{"rendered":"<p>Goditi la vita. MIGLIOR PREZZO GARANTITO.<\/p>\n","protected":false},"author":1,"featured_media":0,"parent":0,"menu_order":0,"comment_status":"closed","ping_status":"closed","template":"full-width-page.php","meta":{"_exactmetrics_skip_tracking":false,"_exactmetrics_sitenote_active":false,"_exactmetrics_sitenote_note":"","_exactmetrics_sitenote_category":0},"_links":{"self":[{"href":"https:\/\/www.waldruhe.at\/sitex\/it\/wp-json\/wp\/v2\/pages\/189"}],"collection":[{"href":"https:\/\/www.waldruhe.at\/sitex\/it\/wp-json\/wp\/v2\/pages"}],"about":[{"href":"https:\/\/www.waldruhe.at\/sitex\/it\/wp-json\/wp\/v2\/types\/page"}],"author":[{"embeddable":true,"href":"https:\/\/www.waldruhe.at\/sitex\/it\/wp-json\/wp\/v2\/users\/1"}],"replies":[{"embeddable":true,"href":"https:\/\/www.waldruhe.at\/sitex\/it\/wp-json\/wp\/v2\/comments?post=189"}],"version-history":[{"count":3,"href":"https:\/\/www.waldruhe.at\/sitex\/it\/wp-json\/wp\/v2\/pages\/189\/revisions"}],"predecessor-version":[{"id":2424,"href":"https:\/\/www.waldruhe.at\/sitex\/it\/wp-json\/wp\/v2\/pages\/189\/revisions\/2424"}],"wp:attachment":[{"href":"https:\/\/www.waldruhe.at\/sitex\/it\/wp-json\/wp\/v2\/media?parent=189"}],"curies":[{"name":"wp","href":"https:\/\/api.w.org\/{rel}","templated":true}]}}